{"id":12,"date":"2023-02-23T00:25:57","date_gmt":"2023-02-23T03:25:57","guid":{"rendered":"https:\/\/congressomineiro.com.br\/?page_id=12"},"modified":"2023-06-01T10:36:13","modified_gmt":"2023-06-01T13:36:13","slug":"apresentacao","status":"publish","type":"page","link":"https:\/\/ocics.com.br\/2023\/apresentacao\/","title":{"rendered":"Apresenta\u00e7\u00e3o"},"content":{"rendered":"\t\t<div data-elementor-type=\"wp-page\" data-elementor-id=\"12\" class=\"elementor elementor-12\">\n\t\t\t\t\t\t<section class=\"elementor-section elementor-top-section elementor-element elementor-element-1292437b elementor-section-height-min-height elementor-section-boxed elementor-section-height-default elementor-section-items-middle\" data-id=\"1292437b\" data-element_type=\"section\" data-settings=\"{&quot;background_background&quot;:&quot;classic&quot;}\">\n\t\t\t\t\t\t\t<div class=\"elementor-background-overlay\"><\/div>\n\t\t\t\t\t\t\t<div class=\"elementor-container elementor-column-gap-default\">\n\t\t\t\t\t<div class=\"elementor-column elementor-col-100 elementor-top-column elementor-element elementor-element-48e28dfa\" data-id=\"48e28dfa\" data-element_type=\"column\">\n\t\t\t<div class=\"elementor-widget-wrap elementor-element-populated\">\n\t\t\t\t\t\t\t<\/div>\n\t\t<\/div>\n\t\t\t\t\t<\/div>\n\t\t<\/section>\n\t\t\t\t<section class=\"elementor-section elementor-top-section elementor-element elementor-element-f3b7077 elementor-section-boxed elementor-section-height-default elementor-section-height-default\" data-id=\"f3b7077\" data-element_type=\"section\">\n\t\t\t\t\t\t<div class=\"elementor-container elementor-column-gap-default\">\n\t\t\t\t\t<div class=\"elementor-column elementor-col-100 elementor-top-column elementor-element elementor-element-ea14739\" data-id=\"ea14739\" data-element_type=\"column\">\n\t\t\t<div class=\"elementor-widget-wrap elementor-element-populated\">\n\t\t\t\t\t\t<div class=\"elementor-element elementor-element-1b9966e elementor-widget elementor-widget-text-editor\" data-id=\"1b9966e\" data-element_type=\"widget\" data-widget_type=\"text-editor.default\">\n\t\t\t\t<div class=\"elementor-widget-container\">\n\t\t\t<style>\/*! elementor - v3.21.0 - 08-05-2024 *\/\n.elementor-widget-text-editor.elementor-drop-cap-view-stacked .elementor-drop-cap{background-color:#69727d;color:#fff}.elementor-widget-text-editor.elementor-drop-cap-view-framed .elementor-drop-cap{color:#69727d;border:3px solid;background-color:transparent}.elementor-widget-text-editor:not(.elementor-drop-cap-view-default) .elementor-drop-cap{margin-top:8px}.elementor-widget-text-editor:not(.elementor-drop-cap-view-default) .elementor-drop-cap-letter{width:1em;height:1em}.elementor-widget-text-editor .elementor-drop-cap{float:left;text-align:center;line-height:1;font-size:50px}.elementor-widget-text-editor .elementor-drop-cap-letter{display:inline-block}<\/style>\t\t\t\t<p>Repletos de alegria e de satisfa\u00e7\u00e3o que anunciamos a terceira edi\u00e7\u00e3o do Congresso Interligas de Ci\u00eancia e Sa\u00fade (CICS). Essa edi\u00e7\u00e3o, que possui \u201cInova\u00e7\u00e3o e Sa\u00fade\u201c por tem\u00e1tica, est\u00e1 sendo organizada pelo Centro Acad\u00eamico de Medicina de Jata\u00ed &#8211; CAMEJ, juntamente com Conselho das Ligas Acad\u00eamicas do curso de Medicina da Universidade Federal de Jata\u00ed &#8211; COLIJA.<\/p><p>Objetivando-se a difus\u00e3o de conhecimentos multidisciplinares nas mais diversas \u00e1reas da sa\u00fade acerca da tem\u00e1tica escolhida, essa edi\u00e7\u00e3o propiciar\u00e1 atividades te\u00f3rico-pr\u00e1ticas com profissionais de grande reconhecimento em sua \u00e1rea de atua\u00e7\u00e3o, produ\u00e7\u00e3o cient\u00edfica da comunidade e integra\u00e7\u00e3o do aprendizado m\u00e9dico ao dos demais cursos da sa\u00fade.<\/p><p>Estamos esperando por voc\u00eas!<\/p>\t\t\t\t\t\t<\/div>\n\t\t\t\t<\/div>\n\t\t\t\t\t<\/div>\n\t\t<\/div>\n\t\t\t\t\t<\/div>\n\t\t<\/section>\n\t\t\t\t<\/div>\n\t\t","protected":false},"excerpt":{"rendered":"<p>Repletos de alegria e de satisfa\u00e7\u00e3o que anunciamos a terceira edi\u00e7\u00e3o do Congresso Interligas de Ci\u00eancia e Sa\u00fade (CICS). Essa edi\u00e7\u00e3o, que possui \u201cInova\u00e7\u00e3o e Sa\u00fade\u201c por tem\u00e1tica, est\u00e1 sendo organizada pelo Centro Acad\u00eamico de Medicina de Jata\u00ed &#8211; CAMEJ, juntamente com Conselho das Ligas Acad\u00eamicas do curso de Medicina da Universidade Federal de Jata\u00ed [&hellip;]<\/p>\n","protected":false},"author":1,"featured_media":0,"parent":0,"menu_order":0,"comment_status":"closed","ping_status":"closed","template":"elementor_header_footer","meta":{"footnotes":""},"aioseo_notices":[],"_links":{"self":[{"href":"https:\/\/ocics.com.br\/2023\/wp-json\/wp\/v2\/pages\/12"}],"collection":[{"href":"https:\/\/ocics.com.br\/2023\/wp-json\/wp\/v2\/pages"}],"about":[{"href":"https:\/\/ocics.com.br\/2023\/wp-json\/wp\/v2\/types\/page"}],"author":[{"embeddable":true,"href":"https:\/\/ocics.com.br\/2023\/wp-json\/wp\/v2\/users\/1"}],"replies":[{"embeddable":true,"href":"https:\/\/ocics.com.br\/2023\/wp-json\/wp\/v2\/comments?post=12"}],"version-history":[{"count":70,"href":"https:\/\/ocics.com.br\/2023\/wp-json\/wp\/v2\/pages\/12\/revisions"}],"predecessor-version":[{"id":1369,"href":"https:\/\/ocics.com.br\/2023\/wp-json\/wp\/v2\/pages\/12\/revisions\/1369"}],"wp:attachment":[{"href":"https:\/\/ocics.com.br\/2023\/wp-json\/wp\/v2\/media?parent=12"}],"curies":[{"name":"wp","href":"https:\/\/api.w.org\/{rel}","templated":true}]}}